{"id":2384,"date":"2017-05-08T18:04:42","date_gmt":"2017-05-08T18:04:42","guid":{"rendered":"http:\/\/www.gardenshopbeograd.com\/en\/?page_id=2384"},"modified":"2017-07-23T12:57:13","modified_gmt":"2017-07-23T12:57:13","slug":"shipping-price","status":"publish","type":"page","link":"https:\/\/gardenshopbeograd.com\/en\/shipping-price\/","title":{"rendered":"Shipping price"},"content":{"rendered":"  <div id=\"page-header-1444548731\" class=\"page-header-wrapper\">\n  <div class=\"page-title light divided-title\">\n\n    \n    <div class=\"page-title-inner container align-center text-center flex-row-col medium-flex-wrap\" >\n              <div class=\"title-wrapper flex-col\">\n          <h1 class=\"entry-title mb-0\">\n            Shipping price          <\/h1>\n        <\/div>\n                    <div class=\"title-content flex-col\">\n        <div class=\"title-breadcrumbs pb-half pt-half\"><nav class=\"woocommerce-breadcrumb breadcrumbs uppercase\" aria-label=\"Breadcrumb\">Home<\/nav><\/div>      <\/div>\n    <\/div>\n\n       <\/div>\n  <div class=\"container header-wrapper-divider\"><hr\/><\/div>  <\/div>\n  \n<p>Prices of the delivery in zones:<\/p>\n<p>Arrangements over 2500 RSD (chocolates and vine not included) have FREE DELIVERY in Belgrade city center: Stari grad and parts of Vra\u010dar, Savski venac, Zvezdara and Palilula in the center.<br \/>\nIf the value is less than 2500 RSD, price of the delivery is 500 RSD (ZONE I)<\/p>\n<p>\u2013 ZONE I: (delivery price is 500 RSD regardless of the value ): Karaburma, Crveni krst, Du\u0161anovac, Autokomanda<\/p>\n<p>\u2013 ZONE II: (delivery price is 700 RSD regardless of the value): Krnja\u010da, Kote\u017e, Bor\u010da, Vi\u0161nji\u010dka banja, Mirijevo, Konjarnik, Medak, Bra\u0107e Jerkovi\u0107, Kumodraz, Banjica, Miljakovac, Rakovica, Dedinje, Senjak, Cerak, Vidikovac, Banovo brdo, \u010cukarica, \u017darkovo, Novi Beograd, Be\u017eanijska kosa, Zemun<\/p>\n<p>\u2013 ZONE III: Any other part of the town (as arranged)<\/p>\n<p>If you are not sure in which zone is the delivery address, please contact us +381 64 151 23 42.<\/p>\n","protected":false},"excerpt":{"rendered":"<p>Prices of the delivery in zones: Arrangements over 2500 RSD (chocolates and vine not included) have FREE DELIVERY in Belgrade city center: Stari grad and parts of Vra\u010dar, Savski venac, Zvezdara and Palilula in the center. If the value is less than 2500 RSD, price of the delivery is 500 RSD (ZONE I) \u2013 ZONE [&#8230;]\n","protected":false},"author":2,"featured_media":0,"parent":0,"menu_order":0,"comment_status":"closed","ping_status":"closed","template":"","meta":{"footnotes":""},"class_list":["post-2384","page","type-page","status-publish","hentry"],"yoast_head":"<!-- This site is optimized with the Yoast SEO plugin v27.2 - https:\/\/yoast.com\/product\/yoast-seo-wordpress\/ -->\n<title>Shipping price &#8211; Online cve\u0107ara GARDEN SHOP<\/title>\n<meta name=\"robots\" content=\"index, follow, max-snippet:-1, max-image-preview:large, max-video-preview:-1\" \/>\n<link rel=\"canonical\" href=\"https:\/\/gardenshopbeograd.com\/en\/shipping-price\/\" \/>\n<meta property=\"og:locale\" content=\"en_US\" \/>\n<meta property=\"og:type\" content=\"article\" \/>\n<meta property=\"og:title\" content=\"Shipping price &#8211; Online cve\u0107ara GARDEN SHOP\" \/>\n<meta property=\"og:description\" content=\"Prices of the delivery in zones: Arrangements over 2500 RSD (chocolates and vine not included) have FREE DELIVERY in Belgrade city center: Stari grad and parts of Vra\u010dar, Savski venac, Zvezdara and Palilula in the center. If the value is less than 2500 RSD, price of the delivery is 500 RSD (ZONE I) \u2013 ZONE [...]\" \/>\n<meta property=\"og:url\" content=\"https:\/\/gardenshopbeograd.com\/en\/shipping-price\/\" \/>\n<meta property=\"og:site_name\" content=\"Online cve\u0107ara GARDEN SHOP\" \/>\n<meta property=\"article:publisher\" content=\"https:\/\/www.facebook.com\/Gardenshopbgd\" \/>\n<meta property=\"article:modified_time\" content=\"2017-07-23T12:57:13+00:00\" \/>\n<meta property=\"og:image\" content=\"https:\/\/gardenshopbeograd.com\/wp-content\/uploads\/2019\/07\/garden-shop-logo-2.png\" \/>\n\t<meta property=\"og:image:width\" content=\"301\" \/>\n\t<meta property=\"og:image:height\" content=\"34\" \/>\n\t<meta property=\"og:image:type\" content=\"image\/png\" \/>\n<meta name=\"twitter:card\" content=\"summary_large_image\" \/>\n<meta name=\"twitter:site\" content=\"@gardenshopbgd\" \/>\n<meta name=\"twitter:label1\" content=\"Est. reading time\" \/>\n\t<meta name=\"twitter:data1\" content=\"1 minute\" \/>\n<script type=\"application\/ld+json\" class=\"yoast-schema-graph\">{\"@context\":\"https:\/\/schema.org\",\"@graph\":[{\"@type\":\"WebPage\",\"@id\":\"https:\/\/gardenshopbeograd.com\/en\/shipping-price\/\",\"url\":\"https:\/\/gardenshopbeograd.com\/en\/shipping-price\/\",\"name\":\"Shipping price &#8211; Online cve\u0107ara GARDEN SHOP\",\"isPartOf\":{\"@id\":\"https:\/\/gardenshopbeograd.com\/#website\"},\"datePublished\":\"2017-05-08T18:04:42+00:00\",\"dateModified\":\"2017-07-23T12:57:13+00:00\",\"breadcrumb\":{\"@id\":\"https:\/\/gardenshopbeograd.com\/en\/shipping-price\/#breadcrumb\"},\"inLanguage\":\"en-US\",\"potentialAction\":[{\"@type\":\"ReadAction\",\"target\":[\"https:\/\/gardenshopbeograd.com\/en\/shipping-price\/\"]}]},{\"@type\":\"BreadcrumbList\",\"@id\":\"https:\/\/gardenshopbeograd.com\/en\/shipping-price\/#breadcrumb\",\"itemListElement\":[{\"@type\":\"ListItem\",\"position\":1,\"name\":\"Home\",\"item\":\"https:\/\/gardenshopbeograd.com\/en\/\"},{\"@type\":\"ListItem\",\"position\":2,\"name\":\"Shipping price\"}]},{\"@type\":\"WebSite\",\"@id\":\"https:\/\/gardenshopbeograd.com\/#website\",\"url\":\"https:\/\/gardenshopbeograd.com\/\",\"name\":\"Online cve\u0107ara GARDEN SHOP\",\"description\":\"Dostava cve\u0107a na pravi na\u010din!\",\"publisher\":{\"@id\":\"https:\/\/gardenshopbeograd.com\/#organization\"},\"potentialAction\":[{\"@type\":\"SearchAction\",\"target\":{\"@type\":\"EntryPoint\",\"urlTemplate\":\"https:\/\/gardenshopbeograd.com\/?s={search_term_string}\"},\"query-input\":{\"@type\":\"PropertyValueSpecification\",\"valueRequired\":true,\"valueName\":\"search_term_string\"}}],\"inLanguage\":\"en-US\"},{\"@type\":\"Organization\",\"@id\":\"https:\/\/gardenshopbeograd.com\/#organization\",\"name\":\"Cve\u0107ara Garden Shop\",\"url\":\"https:\/\/gardenshopbeograd.com\/\",\"logo\":{\"@type\":\"ImageObject\",\"inLanguage\":\"en-US\",\"@id\":\"https:\/\/gardenshopbeograd.com\/#\/schema\/logo\/image\/\",\"url\":\"https:\/\/gardenshopbeograd.com\/wp-content\/uploads\/2019\/07\/garden-shop-logo-2.png\",\"contentUrl\":\"https:\/\/gardenshopbeograd.com\/wp-content\/uploads\/2019\/07\/garden-shop-logo-2.png\",\"width\":301,\"height\":34,\"caption\":\"Cve\u0107ara Garden Shop\"},\"image\":{\"@id\":\"https:\/\/gardenshopbeograd.com\/#\/schema\/logo\/image\/\"},\"sameAs\":[\"https:\/\/www.facebook.com\/Gardenshopbgd\",\"https:\/\/x.com\/gardenshopbgd\",\"https:\/\/www.instagram.com\/gardenshopbeograd\/\"]}]}<\/script>\n<!-- \/ Yoast SEO plugin. -->","yoast_head_json":{"title":"Shipping price &#8211; Online cve\u0107ara GARDEN SHOP","robots":{"index":"index","follow":"follow","max-snippet":"max-snippet:-1","max-image-preview":"max-image-preview:large","max-video-preview":"max-video-preview:-1"},"canonical":"https:\/\/gardenshopbeograd.com\/en\/shipping-price\/","og_locale":"en_US","og_type":"article","og_title":"Shipping price &#8211; Online cve\u0107ara GARDEN SHOP","og_description":"Prices of the delivery in zones: Arrangements over 2500 RSD (chocolates and vine not included) have FREE DELIVERY in Belgrade city center: Stari grad and parts of Vra\u010dar, Savski venac, Zvezdara and Palilula in the center. If the value is less than 2500 RSD, price of the delivery is 500 RSD (ZONE I) \u2013 ZONE [...]","og_url":"https:\/\/gardenshopbeograd.com\/en\/shipping-price\/","og_site_name":"Online cve\u0107ara GARDEN SHOP","article_publisher":"https:\/\/www.facebook.com\/Gardenshopbgd","article_modified_time":"2017-07-23T12:57:13+00:00","og_image":[{"width":301,"height":34,"url":"https:\/\/gardenshopbeograd.com\/wp-content\/uploads\/2019\/07\/garden-shop-logo-2.png","type":"image\/png"}],"twitter_card":"summary_large_image","twitter_site":"@gardenshopbgd","twitter_misc":{"Est. reading time":"1 minute"},"schema":{"@context":"https:\/\/schema.org","@graph":[{"@type":"WebPage","@id":"https:\/\/gardenshopbeograd.com\/en\/shipping-price\/","url":"https:\/\/gardenshopbeograd.com\/en\/shipping-price\/","name":"Shipping price &#8211; Online cve\u0107ara GARDEN SHOP","isPartOf":{"@id":"https:\/\/gardenshopbeograd.com\/#website"},"datePublished":"2017-05-08T18:04:42+00:00","dateModified":"2017-07-23T12:57:13+00:00","breadcrumb":{"@id":"https:\/\/gardenshopbeograd.com\/en\/shipping-price\/#breadcrumb"},"inLanguage":"en-US","potentialAction":[{"@type":"ReadAction","target":["https:\/\/gardenshopbeograd.com\/en\/shipping-price\/"]}]},{"@type":"BreadcrumbList","@id":"https:\/\/gardenshopbeograd.com\/en\/shipping-price\/#breadcrumb","itemListElement":[{"@type":"ListItem","position":1,"name":"Home","item":"https:\/\/gardenshopbeograd.com\/en\/"},{"@type":"ListItem","position":2,"name":"Shipping price"}]},{"@type":"WebSite","@id":"https:\/\/gardenshopbeograd.com\/#website","url":"https:\/\/gardenshopbeograd.com\/","name":"Online cve\u0107ara GARDEN SHOP","description":"Dostava cve\u0107a na pravi na\u010din!","publisher":{"@id":"https:\/\/gardenshopbeograd.com\/#organization"},"potentialAction":[{"@type":"SearchAction","target":{"@type":"EntryPoint","urlTemplate":"https:\/\/gardenshopbeograd.com\/?s={search_term_string}"},"query-input":{"@type":"PropertyValueSpecification","valueRequired":true,"valueName":"search_term_string"}}],"inLanguage":"en-US"},{"@type":"Organization","@id":"https:\/\/gardenshopbeograd.com\/#organization","name":"Cve\u0107ara Garden Shop","url":"https:\/\/gardenshopbeograd.com\/","logo":{"@type":"ImageObject","inLanguage":"en-US","@id":"https:\/\/gardenshopbeograd.com\/#\/schema\/logo\/image\/","url":"https:\/\/gardenshopbeograd.com\/wp-content\/uploads\/2019\/07\/garden-shop-logo-2.png","contentUrl":"https:\/\/gardenshopbeograd.com\/wp-content\/uploads\/2019\/07\/garden-shop-logo-2.png","width":301,"height":34,"caption":"Cve\u0107ara Garden Shop"},"image":{"@id":"https:\/\/gardenshopbeograd.com\/#\/schema\/logo\/image\/"},"sameAs":["https:\/\/www.facebook.com\/Gardenshopbgd","https:\/\/x.com\/gardenshopbgd","https:\/\/www.instagram.com\/gardenshopbeograd\/"]}]}},"_links":{"self":[{"href":"https:\/\/gardenshopbeograd.com\/en\/wp-json\/wp\/v2\/pages\/2384","targetHints":{"allow":["GET"]}}],"collection":[{"href":"https:\/\/gardenshopbeograd.com\/en\/wp-json\/wp\/v2\/pages"}],"about":[{"href":"https:\/\/gardenshopbeograd.com\/en\/wp-json\/wp\/v2\/types\/page"}],"author":[{"embeddable":true,"href":"https:\/\/gardenshopbeograd.com\/en\/wp-json\/wp\/v2\/users\/2"}],"replies":[{"embeddable":true,"href":"https:\/\/gardenshopbeograd.com\/en\/wp-json\/wp\/v2\/comments?post=2384"}],"version-history":[{"count":0,"href":"https:\/\/gardenshopbeograd.com\/en\/wp-json\/wp\/v2\/pages\/2384\/revisions"}],"wp:attachment":[{"href":"https:\/\/gardenshopbeograd.com\/en\/wp-json\/wp\/v2\/media?parent=2384"}],"curies":[{"name":"wp","href":"https:\/\/api.w.org\/{rel}","templated":true}]}}