{"id":3179,"date":"2017-11-19T12:41:12","date_gmt":"2017-11-19T12:41:12","guid":{"rendered":"http:\/\/www.gardenshopbeograd.com\/en\/prodavnica\/basket-full-of-surprises-4800-fast-delivery-to-your-home-address\/"},"modified":"2019-07-08T15:58:39","modified_gmt":"2019-07-08T15:58:39","slug":"basket-full-of-surprises-flowers-wine-bottle-and-4-kinds-of-chocolate-4800","status":"publish","type":"product","link":"https:\/\/gardenshopbeograd.com\/en\/prodavnica\/basket-full-of-surprises-flowers-wine-bottle-and-4-kinds-of-chocolate-4800\/","title":{"rendered":"Basket full of surprises- Flowers, wine bottle and 4 kinds of chocolate &#8211; 4800"},"content":{"rendered":"","protected":false},"excerpt":{"rendered":"<p>A basket full of surprises with a bottle of white wine and 4 kinds of quality chocolates. With a combination of flower orchids and bamboo, this basket is an ideal gift for a man.<\/p>\n","protected":false},"featured_media":3178,"comment_status":"closed","ping_status":"closed","template":"","meta":[],"product_brand":[],"product_cat":[85,140],"product_tag":[],"class_list":{"0":"post-3179","1":"product","2":"type-product","3":"status-publish","4":"has-post-thumbnail","6":"product_cat-arrangements-and-bouquets","7":"product_cat-special-gifts","9":"first","10":"onbackorder","11":"taxable","12":"shipping-taxable","13":"purchasable","14":"product-type-simple"},"yoast_head":"<!-- This site is optimized with the Yoast SEO plugin v27.2 - https:\/\/yoast.com\/product\/yoast-seo-wordpress\/ -->\n<title>Basket full of surprises- Flowers, wine bottle and 4 kinds of chocolate - 4800 &#8211; Online cve\u0107ara GARDEN SHOP<\/title>\n<meta name=\"description\" content=\"This basket full of surprises is an ideal gift for a man. With flowers in the basket there are chocolates and a bottle of wine. Surprise your dear person or business partner.\" \/>\n<meta name=\"robots\" content=\"index, follow, max-snippet:-1, max-image-preview:large, max-video-preview:-1\" \/>\n<link rel=\"canonical\" href=\"https:\/\/gardenshopbeograd.com\/en\/prodavnica\/basket-full-of-surprises-flowers-wine-bottle-and-4-kinds-of-chocolate-4800\/\" \/>\n<meta property=\"og:locale\" content=\"en_US\" \/>\n<meta property=\"og:type\" content=\"article\" \/>\n<meta property=\"og:title\" content=\"Basket full of surprises- Flowers, wine bottle and 4 kinds of chocolate - 4800 &#8211; Online cve\u0107ara GARDEN SHOP\" \/>\n<meta property=\"og:description\" content=\"This basket full of surprises is an ideal gift for a man. With flowers in the basket there are chocolates and a bottle of wine. Surprise your dear person or business partner.\" \/>\n<meta property=\"og:url\" content=\"https:\/\/gardenshopbeograd.com\/en\/prodavnica\/basket-full-of-surprises-flowers-wine-bottle-and-4-kinds-of-chocolate-4800\/\" \/>\n<meta property=\"og:site_name\" content=\"Online cve\u0107ara GARDEN SHOP\" \/>\n<meta property=\"article:publisher\" content=\"https:\/\/www.facebook.com\/Gardenshopbgd\" \/>\n<meta property=\"article:modified_time\" content=\"2019-07-08T15:58:39+00:00\" \/>\n<meta property=\"og:image\" content=\"https:\/\/gardenshopbeograd.com\/wp-content\/uploads\/2017\/11\/Korpa-puna-iznenadjenja-1.jpg\" \/>\n\t<meta property=\"og:image:width\" content=\"600\" \/>\n\t<meta property=\"og:image:height\" content=\"450\" \/>\n\t<meta property=\"og:image:type\" content=\"image\/jpeg\" \/>\n<meta name=\"twitter:card\" content=\"summary_large_image\" \/>\n<meta name=\"twitter:site\" content=\"@gardenshopbgd\" \/>\n<script type=\"application\/ld+json\" class=\"yoast-schema-graph\">{\"@context\":\"https:\/\/schema.org\",\"@graph\":[{\"@type\":\"WebPage\",\"@id\":\"https:\/\/gardenshopbeograd.com\/en\/prodavnica\/basket-full-of-surprises-flowers-wine-bottle-and-4-kinds-of-chocolate-4800\/\",\"url\":\"https:\/\/gardenshopbeograd.com\/en\/prodavnica\/basket-full-of-surprises-flowers-wine-bottle-and-4-kinds-of-chocolate-4800\/\",\"name\":\"Basket full of surprises- Flowers, wine bottle and 4 kinds of chocolate - 4800 &#8211; Online cve\u0107ara GARDEN SHOP\",\"isPartOf\":{\"@id\":\"https:\/\/gardenshopbeograd.com\/#website\"},\"primaryImageOfPage\":{\"@id\":\"https:\/\/gardenshopbeograd.com\/en\/prodavnica\/basket-full-of-surprises-flowers-wine-bottle-and-4-kinds-of-chocolate-4800\/#primaryimage\"},\"image\":{\"@id\":\"https:\/\/gardenshopbeograd.com\/en\/prodavnica\/basket-full-of-surprises-flowers-wine-bottle-and-4-kinds-of-chocolate-4800\/#primaryimage\"},\"thumbnailUrl\":\"https:\/\/gardenshopbeograd.com\/wp-content\/uploads\/2017\/11\/Korpa-puna-iznenadjenja-1.jpg\",\"datePublished\":\"2017-11-19T12:41:12+00:00\",\"dateModified\":\"2019-07-08T15:58:39+00:00\",\"description\":\"This basket full of surprises is an ideal gift for a man. With flowers in the basket there are chocolates and a bottle of wine. Surprise your dear person or business partner.\",\"breadcrumb\":{\"@id\":\"https:\/\/gardenshopbeograd.com\/en\/prodavnica\/basket-full-of-surprises-flowers-wine-bottle-and-4-kinds-of-chocolate-4800\/#breadcrumb\"},\"inLanguage\":\"en-US\",\"potentialAction\":[{\"@type\":\"ReadAction\",\"target\":[\"https:\/\/gardenshopbeograd.com\/en\/prodavnica\/basket-full-of-surprises-flowers-wine-bottle-and-4-kinds-of-chocolate-4800\/\"]}]},{\"@type\":\"ImageObject\",\"inLanguage\":\"en-US\",\"@id\":\"https:\/\/gardenshopbeograd.com\/en\/prodavnica\/basket-full-of-surprises-flowers-wine-bottle-and-4-kinds-of-chocolate-4800\/#primaryimage\",\"url\":\"https:\/\/gardenshopbeograd.com\/wp-content\/uploads\/2017\/11\/Korpa-puna-iznenadjenja-1.jpg\",\"contentUrl\":\"https:\/\/gardenshopbeograd.com\/wp-content\/uploads\/2017\/11\/Korpa-puna-iznenadjenja-1.jpg\",\"width\":600,\"height\":450,\"caption\":\"basket-full-of-surprises\"},{\"@type\":\"BreadcrumbList\",\"@id\":\"https:\/\/gardenshopbeograd.com\/en\/prodavnica\/basket-full-of-surprises-flowers-wine-bottle-and-4-kinds-of-chocolate-4800\/#breadcrumb\",\"itemListElement\":[{\"@type\":\"ListItem\",\"position\":1,\"name\":\"Home\",\"item\":\"https:\/\/gardenshopbeograd.com\/en\/\"},{\"@type\":\"ListItem\",\"position\":2,\"name\":\"Shop\",\"item\":\"https:\/\/gardenshopbeograd.com\/en\/shop\/\"},{\"@type\":\"ListItem\",\"position\":3,\"name\":\"Basket full of surprises- Flowers, wine bottle and 4 kinds of chocolate &#8211; 4800\"}]},{\"@type\":\"WebSite\",\"@id\":\"https:\/\/gardenshopbeograd.com\/#website\",\"url\":\"https:\/\/gardenshopbeograd.com\/\",\"name\":\"Online cve\u0107ara GARDEN SHOP\",\"description\":\"Dostava cve\u0107a na pravi na\u010din!\",\"publisher\":{\"@id\":\"https:\/\/gardenshopbeograd.com\/#organization\"},\"potentialAction\":[{\"@type\":\"SearchAction\",\"target\":{\"@type\":\"EntryPoint\",\"urlTemplate\":\"https:\/\/gardenshopbeograd.com\/?s={search_term_string}\"},\"query-input\":{\"@type\":\"PropertyValueSpecification\",\"valueRequired\":true,\"valueName\":\"search_term_string\"}}],\"inLanguage\":\"en-US\"},{\"@type\":\"Organization\",\"@id\":\"https:\/\/gardenshopbeograd.com\/#organization\",\"name\":\"Cve\u0107ara Garden Shop\",\"url\":\"https:\/\/gardenshopbeograd.com\/\",\"logo\":{\"@type\":\"ImageObject\",\"inLanguage\":\"en-US\",\"@id\":\"https:\/\/gardenshopbeograd.com\/#\/schema\/logo\/image\/\",\"url\":\"https:\/\/gardenshopbeograd.com\/wp-content\/uploads\/2019\/07\/garden-shop-logo-2.png\",\"contentUrl\":\"https:\/\/gardenshopbeograd.com\/wp-content\/uploads\/2019\/07\/garden-shop-logo-2.png\",\"width\":301,\"height\":34,\"caption\":\"Cve\u0107ara Garden Shop\"},\"image\":{\"@id\":\"https:\/\/gardenshopbeograd.com\/#\/schema\/logo\/image\/\"},\"sameAs\":[\"https:\/\/www.facebook.com\/Gardenshopbgd\",\"https:\/\/x.com\/gardenshopbgd\",\"https:\/\/www.instagram.com\/gardenshopbeograd\/\"]}]}<\/script>\n<!-- \/ Yoast SEO plugin. -->","yoast_head_json":{"title":"Basket full of surprises- Flowers, wine bottle and 4 kinds of chocolate - 4800 &#8211; Online cve\u0107ara GARDEN SHOP","description":"This basket full of surprises is an ideal gift for a man. With flowers in the basket there are chocolates and a bottle of wine. Surprise your dear person or business partner.","robots":{"index":"index","follow":"follow","max-snippet":"max-snippet:-1","max-image-preview":"max-image-preview:large","max-video-preview":"max-video-preview:-1"},"canonical":"https:\/\/gardenshopbeograd.com\/en\/prodavnica\/basket-full-of-surprises-flowers-wine-bottle-and-4-kinds-of-chocolate-4800\/","og_locale":"en_US","og_type":"article","og_title":"Basket full of surprises- Flowers, wine bottle and 4 kinds of chocolate - 4800 &#8211; Online cve\u0107ara GARDEN SHOP","og_description":"This basket full of surprises is an ideal gift for a man. With flowers in the basket there are chocolates and a bottle of wine. Surprise your dear person or business partner.","og_url":"https:\/\/gardenshopbeograd.com\/en\/prodavnica\/basket-full-of-surprises-flowers-wine-bottle-and-4-kinds-of-chocolate-4800\/","og_site_name":"Online cve\u0107ara GARDEN SHOP","article_publisher":"https:\/\/www.facebook.com\/Gardenshopbgd","article_modified_time":"2019-07-08T15:58:39+00:00","og_image":[{"width":600,"height":450,"url":"https:\/\/gardenshopbeograd.com\/wp-content\/uploads\/2017\/11\/Korpa-puna-iznenadjenja-1.jpg","type":"image\/jpeg"}],"twitter_card":"summary_large_image","twitter_site":"@gardenshopbgd","schema":{"@context":"https:\/\/schema.org","@graph":[{"@type":"WebPage","@id":"https:\/\/gardenshopbeograd.com\/en\/prodavnica\/basket-full-of-surprises-flowers-wine-bottle-and-4-kinds-of-chocolate-4800\/","url":"https:\/\/gardenshopbeograd.com\/en\/prodavnica\/basket-full-of-surprises-flowers-wine-bottle-and-4-kinds-of-chocolate-4800\/","name":"Basket full of surprises- Flowers, wine bottle and 4 kinds of chocolate - 4800 &#8211; Online cve\u0107ara GARDEN SHOP","isPartOf":{"@id":"https:\/\/gardenshopbeograd.com\/#website"},"primaryImageOfPage":{"@id":"https:\/\/gardenshopbeograd.com\/en\/prodavnica\/basket-full-of-surprises-flowers-wine-bottle-and-4-kinds-of-chocolate-4800\/#primaryimage"},"image":{"@id":"https:\/\/gardenshopbeograd.com\/en\/prodavnica\/basket-full-of-surprises-flowers-wine-bottle-and-4-kinds-of-chocolate-4800\/#primaryimage"},"thumbnailUrl":"https:\/\/gardenshopbeograd.com\/wp-content\/uploads\/2017\/11\/Korpa-puna-iznenadjenja-1.jpg","datePublished":"2017-11-19T12:41:12+00:00","dateModified":"2019-07-08T15:58:39+00:00","description":"This basket full of surprises is an ideal gift for a man. With flowers in the basket there are chocolates and a bottle of wine. Surprise your dear person or business partner.","breadcrumb":{"@id":"https:\/\/gardenshopbeograd.com\/en\/prodavnica\/basket-full-of-surprises-flowers-wine-bottle-and-4-kinds-of-chocolate-4800\/#breadcrumb"},"inLanguage":"en-US","potentialAction":[{"@type":"ReadAction","target":["https:\/\/gardenshopbeograd.com\/en\/prodavnica\/basket-full-of-surprises-flowers-wine-bottle-and-4-kinds-of-chocolate-4800\/"]}]},{"@type":"ImageObject","inLanguage":"en-US","@id":"https:\/\/gardenshopbeograd.com\/en\/prodavnica\/basket-full-of-surprises-flowers-wine-bottle-and-4-kinds-of-chocolate-4800\/#primaryimage","url":"https:\/\/gardenshopbeograd.com\/wp-content\/uploads\/2017\/11\/Korpa-puna-iznenadjenja-1.jpg","contentUrl":"https:\/\/gardenshopbeograd.com\/wp-content\/uploads\/2017\/11\/Korpa-puna-iznenadjenja-1.jpg","width":600,"height":450,"caption":"basket-full-of-surprises"},{"@type":"BreadcrumbList","@id":"https:\/\/gardenshopbeograd.com\/en\/prodavnica\/basket-full-of-surprises-flowers-wine-bottle-and-4-kinds-of-chocolate-4800\/#breadcrumb","itemListElement":[{"@type":"ListItem","position":1,"name":"Home","item":"https:\/\/gardenshopbeograd.com\/en\/"},{"@type":"ListItem","position":2,"name":"Shop","item":"https:\/\/gardenshopbeograd.com\/en\/shop\/"},{"@type":"ListItem","position":3,"name":"Basket full of surprises- Flowers, wine bottle and 4 kinds of chocolate &#8211; 4800"}]},{"@type":"WebSite","@id":"https:\/\/gardenshopbeograd.com\/#website","url":"https:\/\/gardenshopbeograd.com\/","name":"Online cve\u0107ara GARDEN SHOP","description":"Dostava cve\u0107a na pravi na\u010din!","publisher":{"@id":"https:\/\/gardenshopbeograd.com\/#organization"},"potentialAction":[{"@type":"SearchAction","target":{"@type":"EntryPoint","urlTemplate":"https:\/\/gardenshopbeograd.com\/?s={search_term_string}"},"query-input":{"@type":"PropertyValueSpecification","valueRequired":true,"valueName":"search_term_string"}}],"inLanguage":"en-US"},{"@type":"Organization","@id":"https:\/\/gardenshopbeograd.com\/#organization","name":"Cve\u0107ara Garden Shop","url":"https:\/\/gardenshopbeograd.com\/","logo":{"@type":"ImageObject","inLanguage":"en-US","@id":"https:\/\/gardenshopbeograd.com\/#\/schema\/logo\/image\/","url":"https:\/\/gardenshopbeograd.com\/wp-content\/uploads\/2019\/07\/garden-shop-logo-2.png","contentUrl":"https:\/\/gardenshopbeograd.com\/wp-content\/uploads\/2019\/07\/garden-shop-logo-2.png","width":301,"height":34,"caption":"Cve\u0107ara Garden Shop"},"image":{"@id":"https:\/\/gardenshopbeograd.com\/#\/schema\/logo\/image\/"},"sameAs":["https:\/\/www.facebook.com\/Gardenshopbgd","https:\/\/x.com\/gardenshopbgd","https:\/\/www.instagram.com\/gardenshopbeograd\/"]}]}},"_links":{"self":[{"href":"https:\/\/gardenshopbeograd.com\/en\/wp-json\/wp\/v2\/product\/3179","targetHints":{"allow":["GET"]}}],"collection":[{"href":"https:\/\/gardenshopbeograd.com\/en\/wp-json\/wp\/v2\/product"}],"about":[{"href":"https:\/\/gardenshopbeograd.com\/en\/wp-json\/wp\/v2\/types\/product"}],"replies":[{"embeddable":true,"href":"https:\/\/gardenshopbeograd.com\/en\/wp-json\/wp\/v2\/comments?post=3179"}],"wp:featuredmedia":[{"embeddable":true,"href":"https:\/\/gardenshopbeograd.com\/en\/wp-json\/wp\/v2\/media\/3178"}],"wp:attachment":[{"href":"https:\/\/gardenshopbeograd.com\/en\/wp-json\/wp\/v2\/media?parent=3179"}],"wp:term":[{"taxonomy":"product_brand","embeddable":true,"href":"https:\/\/gardenshopbeograd.com\/en\/wp-json\/wp\/v2\/product_brand?post=3179"},{"taxonomy":"product_cat","embeddable":true,"href":"https:\/\/gardenshopbeograd.com\/en\/wp-json\/wp\/v2\/product_cat?post=3179"},{"taxonomy":"product_tag","embeddable":true,"href":"https:\/\/gardenshopbeograd.com\/en\/wp-json\/wp\/v2\/product_tag?post=3179"}],"curies":[{"name":"wp","href":"https:\/\/api.w.org\/{rel}","templated":true}]}}